{"id":677,"date":"2026-04-05T19:18:29","date_gmt":"2026-04-05T17:18:29","guid":{"rendered":"https:\/\/aurisbrunensis.cz\/wordpress\/?page_id=677"},"modified":"2026-04-05T21:26:06","modified_gmt":"2026-04-05T19:26:06","slug":"interni","status":"publish","type":"page","link":"https:\/\/aurisbrunensis.cz\/wordpress\/interni\/","title":{"rendered":"Intern\u00ed"},"content":{"rendered":"\t\t<div data-elementor-type=\"wp-page\" data-elementor-id=\"677\" class=\"elementor elementor-677\">\n\t\t\t\t<div class=\"elementor-element elementor-element-a31d223 e-flex e-con-boxed e-con e-parent\" data-id=\"a31d223\" data-element_type=\"container\" data-e-type=\"container\" data-settings=\"{&quot;background_background&quot;:&quot;classic&quot;}\">\n\t\t\t\t\t<div class=\"e-con-inner\">\n\t\t\t\t<div class=\"elementor-element elementor-element-3d6d1a2 elementor-widget elementor-widget-heading\" data-id=\"3d6d1a2\" data-element_type=\"widget\" data-e-type=\"widget\" data-widget_type=\"heading.default\">\n\t\t\t\t\t<h2 class=\"elementor-heading-title elementor-size-default\">Auris Brunensis<br>\u017eensk\u00fd komorn\u00ed sbor<\/h2>\t\t\t\t<\/div>\n\t\t\t\t\t<\/div>\n\t\t\t\t<\/div>\n\t\t<div class=\"elementor-element elementor-element-b735258 e-flex e-con-boxed e-con e-parent\" data-id=\"b735258\" data-element_type=\"container\" data-e-type=\"container\">\n\t\t\t\t\t<div class=\"e-con-inner\">\n\t\t\t\t<div class=\"elementor-element elementor-element-edb8fc1 elementor-widget elementor-widget-text-editor\" data-id=\"edb8fc1\" data-element_type=\"widget\" data-e-type=\"widget\" data-widget_type=\"text-editor.default\">\n\t\t\t\t\t\t\t\t\t<p>\u00a0<\/p><p style=\"text-align: center;\"><span style=\"color: #000000;\">P\u0159\u00edstup do intern\u00ed spr\u00e1vy pro \u010dleny sboru je na <span style=\"text-decoration: underline;\"><a style=\"color: #000000; text-decoration: underline;\" href=\"https:\/\/aurisbrunensis.sharepoint.com\/\" target=\"_blank\" rel=\"noopener\">Auris SharePoint.<\/a><\/span><\/span><\/p>\t\t\t\t\t\t\t\t<\/div>\n\t\t\t\t\t<\/div>\n\t\t\t\t<\/div>\n\t\t<div class=\"elementor-element elementor-element-bc118d7 e-flex e-con-boxed e-con e-parent\" data-id=\"bc118d7\" data-element_type=\"container\" data-e-type=\"container\">\n\t\t\t\t\t<div class=\"e-con-inner\">\n\t\t\t\t<div class=\"elementor-element elementor-element-d6d2ae6 elementor-widget-divider--view-line elementor-widget elementor-widget-divider\" data-id=\"d6d2ae6\" data-element_type=\"widget\" data-e-type=\"widget\" data-widget_type=\"divider.default\">\n\t\t\t\t\t\t\t<div class=\"elementor-divider\">\n\t\t\t<span class=\"elementor-divider-separator\">\n\t\t\t\t\t\t<\/span>\n\t\t<\/div>\n\t\t\t\t\t\t<\/div>\n\t\t\t\t\t<\/div>\n\t\t\t\t<\/div>\n\t\t\t\t<\/div>\n\t\t","protected":false},"excerpt":{"rendered":"<p>Auris Brunensis\u017eensk\u00fd komorn\u00ed sbor \u00a0 P\u0159\u00edstup do intern\u00ed spr\u00e1vy pro \u010dleny sboru je na Auris SharePoint.<\/p>\n","protected":false},"author":2,"featured_media":0,"parent":0,"menu_order":0,"comment_status":"closed","ping_status":"closed","template":"elementor_header_footer","meta":{"_kad_post_transparent":"","_kad_post_title":"","_kad_post_layout":"","_kad_post_sidebar_id":"","_kad_post_content_style":"","_kad_post_vertical_padding":"","_kad_post_feature":"","_kad_post_feature_position":"","_kad_post_header":false,"_kad_post_footer":false,"_kad_post_classname":"","footnotes":""},"class_list":["post-677","page","type-page","status-publish","hentry"],"_links":{"self":[{"href":"https:\/\/aurisbrunensis.cz\/wordpress\/wp-json\/wp\/v2\/pages\/677","targetHints":{"allow":["GET"]}}],"collection":[{"href":"https:\/\/aurisbrunensis.cz\/wordpress\/wp-json\/wp\/v2\/pages"}],"about":[{"href":"https:\/\/aurisbrunensis.cz\/wordpress\/wp-json\/wp\/v2\/types\/page"}],"author":[{"embeddable":true,"href":"https:\/\/aurisbrunensis.cz\/wordpress\/wp-json\/wp\/v2\/users\/2"}],"replies":[{"embeddable":true,"href":"https:\/\/aurisbrunensis.cz\/wordpress\/wp-json\/wp\/v2\/comments?post=677"}],"version-history":[{"count":20,"href":"https:\/\/aurisbrunensis.cz\/wordpress\/wp-json\/wp\/v2\/pages\/677\/revisions"}],"predecessor-version":[{"id":748,"href":"https:\/\/aurisbrunensis.cz\/wordpress\/wp-json\/wp\/v2\/pages\/677\/revisions\/748"}],"wp:attachment":[{"href":"https:\/\/aurisbrunensis.cz\/wordpress\/wp-json\/wp\/v2\/media?parent=677"}],"curies":[{"name":"wp","href":"https:\/\/api.w.org\/{rel}","templated":true}]}}