{"id":497,"date":"2026-04-03T16:26:07","date_gmt":"2026-04-03T14:26:07","guid":{"rendered":"https:\/\/aurisbrunensis.cz\/wordpress\/?page_id=497"},"modified":"2026-04-21T18:14:40","modified_gmt":"2026-04-21T16:14:40","slug":"home","status":"publish","type":"page","link":"https:\/\/aurisbrunensis.cz\/wordpress\/","title":{"rendered":"Home"},"content":{"rendered":"\t\t<div data-elementor-type=\"wp-page\" data-elementor-id=\"497\" class=\"elementor elementor-497\">\n\t\t\t\t<div class=\"elementor-element elementor-element-a31d223 e-flex e-con-boxed e-con e-parent\" data-id=\"a31d223\" data-element_type=\"container\" data-e-type=\"container\" data-settings=\"{&quot;background_background&quot;:&quot;classic&quot;}\">\n\t\t\t\t\t<div class=\"e-con-inner\">\n\t\t\t\t<div class=\"elementor-element elementor-element-3d6d1a2 elementor-widget elementor-widget-heading\" data-id=\"3d6d1a2\" data-element_type=\"widget\" data-e-type=\"widget\" data-widget_type=\"heading.default\">\n\t\t\t\t\t<h2 class=\"elementor-heading-title elementor-size-default\">Auris Brunensis<br>\u017eensk\u00fd komorn\u00ed sbor<\/h2>\t\t\t\t<\/div>\n\t\t\t\t\t<\/div>\n\t\t\t\t<\/div>\n\t\t<div class=\"elementor-element elementor-element-6042d5d e-flex e-con-boxed e-con e-parent\" data-id=\"6042d5d\" data-element_type=\"container\" data-e-type=\"container\">\n\t\t\t\t\t<div class=\"e-con-inner\">\n\t\t<div class=\"elementor-element elementor-element-f22adbe e-con-full e-flex e-con e-child\" data-id=\"f22adbe\" data-element_type=\"container\" data-e-type=\"container\">\n\t\t\t\t<div class=\"elementor-element elementor-element-f5ed13d elementor-widget elementor-widget-image\" data-id=\"f5ed13d\" data-element_type=\"widget\" data-e-type=\"widget\" data-widget_type=\"image.default\">\n\t\t\t\t\t\t\t\t\t\t\t\t\t\t\t<img fetchpriority=\"high\" decoding=\"async\" width=\"700\" height=\"993\" src=\"https:\/\/aurisbrunensis.cz\/wordpress\/wp-content\/uploads\/2026\/04\/Beneficni-koncert-Zajeci-26-700x993.png\" class=\"attachment-large size-large wp-image-481\" alt=\"\" srcset=\"https:\/\/aurisbrunensis.cz\/wordpress\/wp-content\/uploads\/2026\/04\/Beneficni-koncert-Zajeci-26-700x993.png 700w, https:\/\/aurisbrunensis.cz\/wordpress\/wp-content\/uploads\/2026\/04\/Beneficni-koncert-Zajeci-26-212x300.png 212w, https:\/\/aurisbrunensis.cz\/wordpress\/wp-content\/uploads\/2026\/04\/Beneficni-koncert-Zajeci-26-768x1089.png 768w, https:\/\/aurisbrunensis.cz\/wordpress\/wp-content\/uploads\/2026\/04\/Beneficni-koncert-Zajeci-26-1083x1536.png 1083w, https:\/\/aurisbrunensis.cz\/wordpress\/wp-content\/uploads\/2026\/04\/Beneficni-koncert-Zajeci-26-800x1135.png 800w, https:\/\/aurisbrunensis.cz\/wordpress\/wp-content\/uploads\/2026\/04\/Beneficni-koncert-Zajeci-26.png 1410w\" sizes=\"(max-width: 700px) 100vw, 700px\" \/>\t\t\t\t\t\t\t\t\t\t\t\t\t\t\t<\/div>\n\t\t\t\t<\/div>\n\t\t<div class=\"elementor-element elementor-element-7c7f806 e-con-full e-flex e-con e-child\" data-id=\"7c7f806\" data-element_type=\"container\" data-e-type=\"container\">\n\t\t\t\t<div class=\"elementor-element elementor-element-1dff637 elementor-widget elementor-widget-text-editor\" data-id=\"1dff637\" data-element_type=\"widget\" data-e-type=\"widget\" data-widget_type=\"text-editor.default\">\n\t\t\t\t\t\t\t\t\t<p><strong><span style=\"color: #000000;\">Benefi\u010dn\u00ed koncert na podporu Charitn\u00ed z\u00e1chrann\u00e9 s\u00edt\u011b<\/span><\/strong><\/p><p><span style=\"color: #000000;\">V\u00e1\u017een\u00ed p\u0159\u00e1tel\u00e9,\u00a0<\/span><\/p><p><span style=\"color: #000000;\">tentokr\u00e1t zazp\u00edv\u00e1me v Zaje\u010d\u00ed na podporu a rozvoj Charitn\u00ed z\u00e1chrann\u00e9 s\u00edt\u011b. Spolupo\u0159adatelem je Oblastn\u00ed charita B\u0159eclav a jako v\u017edy Sirupy Zaj\u00ed\u010dek.<\/span><br \/><span style=\"color: #000000;\">Zazn\u00ed novinky od Ola Gjeilo i obl\u00edben\u00e9 klasiky od Petra Ebena nebo na\u0161eho kamar\u00e1da Martina Jakub\u00ed\u010dka.<\/span><br \/><span style=\"color: #000000;\">Vstupn\u00e9 bude dobrovoln\u00e9 a bude v\u011bnov\u00e1no na rozvoj Charitn\u00ed z\u00e1chrann\u00e9 s\u00edt\u011b.<\/span><\/p><p><span style=\"color: #000000;\">Koncert prob\u011bhne 24.4.2026 v kostele sv. Jana K\u0159titele v Zaje\u010d\u00ed. Dobrovoln\u00e9 vstupn\u00e9 bude v\u011bnov\u00e1no na charitu.<\/span><\/p><p><span style=\"color: #000000;\">V\u00edce se m\u016f\u017eete do\u010d\u00edst na Facebooku ud\u00e1losti:\u00a0<a style=\"color: #000000;\" href=\"https:\/\/www.facebook.com\/events\/1632816044508841?acontext=%7B%22event_action_history%22%3A[%7B%22mechanism%22%3A%22attachment%22%2C%22surface%22%3A%22newsfeed%22%7D]%2C%22ref_notif_type%22%3Anull%7D\">Benefi\u010dn\u00ed koncert na podporu Oblastn\u00ed charity B\u0159eclav | Facebook<\/a><\/span><\/p><p><span style=\"color: #000000;\">V\u00e1\u0161 Auris<\/span><\/p>\t\t\t\t\t\t\t\t<\/div>\n\t\t\t\t<\/div>\n\t\t\t\t\t<\/div>\n\t\t\t\t<\/div>\n\t\t<div class=\"elementor-element elementor-element-9063dc1 e-flex e-con-boxed e-con e-parent\" data-id=\"9063dc1\" data-element_type=\"container\" data-e-type=\"container\">\n\t\t\t\t\t<div class=\"e-con-inner\">\n\t\t<div class=\"elementor-element elementor-element-73e7041 e-con-full e-flex e-con e-child\" data-id=\"73e7041\" data-element_type=\"container\" data-e-type=\"container\">\n\t\t\t\t<div class=\"elementor-element elementor-element-cb37fc9 elementor-widget elementor-widget-image\" data-id=\"cb37fc9\" data-element_type=\"widget\" data-e-type=\"widget\" data-widget_type=\"image.default\">\n\t\t\t\t\t\t\t\t\t\t\t\t\t\t\t<img decoding=\"async\" width=\"700\" height=\"990\" src=\"https:\/\/aurisbrunensis.cz\/wordpress\/wp-content\/uploads\/2026\/04\/2026-06-17-Varhanni-Brno.jpg\" class=\"attachment-large size-large wp-image-780\" alt=\"\" \/>\t\t\t\t\t\t\t\t\t\t\t\t\t\t\t<\/div>\n\t\t\t\t<\/div>\n\t\t<div class=\"elementor-element elementor-element-d6c3be2 e-con-full e-flex e-con e-child\" data-id=\"d6c3be2\" data-element_type=\"container\" data-e-type=\"container\">\n\t\t\t\t<div class=\"elementor-element elementor-element-27a3120 elementor-widget elementor-widget-text-editor\" data-id=\"27a3120\" data-element_type=\"widget\" data-e-type=\"widget\" data-widget_type=\"text-editor.default\">\n\t\t\t\t\t\t\t\t\t<p><span style=\"color: #000000;\">P\u0159ipravujeme pro v\u00e1s vystoupen\u00ed na tradi\u010dn\u00edm Brn\u011bnsk\u00e9m varhann\u00edm festivalu. Vystoup\u00edme spole\u010dn\u011b s varhan\u00edkem Tom\u00e1\u0161em Sommerem.<\/span><\/p>\t\t\t\t\t\t\t\t<\/div>\n\t\t\t\t<\/div>\n\t\t\t\t\t<\/div>\n\t\t\t\t<\/div>\n\t\t<div class=\"elementor-element elementor-element-da49629 e-flex e-con-boxed e-con e-parent\" data-id=\"da49629\" data-element_type=\"container\" data-e-type=\"container\">\n\t\t\t\t\t<div class=\"e-con-inner\">\n\t\t<div class=\"elementor-element elementor-element-efcc790 e-con-full e-flex e-con e-child\" data-id=\"efcc790\" data-element_type=\"container\" data-e-type=\"container\">\n\t\t\t\t<div class=\"elementor-element elementor-element-4eec09f elementor-widget elementor-widget-text-editor\" data-id=\"4eec09f\" data-element_type=\"widget\" data-e-type=\"widget\" data-widget_type=\"text-editor.default\">\n\t\t\t\t\t\t\t\t\t<p><span style=\"color: #000000;\">Odkazy na souvisej\u00edc\u00ed weby a partnery<\/span><\/p>\t\t\t\t\t\t\t\t<\/div>\n\t\t\t\t<\/div>\n\t\t<div class=\"elementor-element elementor-element-169fa13 e-con-full e-flex e-con e-child\" data-id=\"169fa13\" data-element_type=\"container\" data-e-type=\"container\">\n\t\t<div class=\"elementor-element elementor-element-311b030 e-grid e-con-full e-con e-child\" data-id=\"311b030\" data-element_type=\"container\" data-e-type=\"container\">\n\t\t\t\t<div class=\"elementor-element elementor-element-c5a0ad9 elementor-widget elementor-widget-image\" data-id=\"c5a0ad9\" data-element_type=\"widget\" data-e-type=\"widget\" data-widget_type=\"image.default\">\n\t\t\t\t\t\t\t\t\t\t\t\t\t\t\t\t<a href=\"https:\/\/www.facebook.com\/profile.php?id=100057463658272\">\n\t\t\t\t\t\t\t<img decoding=\"async\" width=\"640\" height=\"640\" src=\"https:\/\/aurisbrunensis.cz\/wordpress\/wp-content\/uploads\/2026\/04\/raphaelsilva-facebook-2935402_640.jpg\" class=\"attachment-large size-large wp-image-554\" alt=\"\" srcset=\"https:\/\/aurisbrunensis.cz\/wordpress\/wp-content\/uploads\/2026\/04\/raphaelsilva-facebook-2935402_640.jpg 640w, https:\/\/aurisbrunensis.cz\/wordpress\/wp-content\/uploads\/2026\/04\/raphaelsilva-facebook-2935402_640-300x300.jpg 300w, https:\/\/aurisbrunensis.cz\/wordpress\/wp-content\/uploads\/2026\/04\/raphaelsilva-facebook-2935402_640-150x150.jpg 150w\" sizes=\"(max-width: 640px) 100vw, 640px\" \/>\t\t\t\t\t\t\t\t<\/a>\n\t\t\t\t\t\t\t\t\t\t\t\t\t\t\t<\/div>\n\t\t\t\t<div class=\"elementor-element elementor-element-21a6abd elementor-widget elementor-widget-image\" data-id=\"21a6abd\" data-element_type=\"widget\" data-e-type=\"widget\" data-widget_type=\"image.default\">\n\t\t\t\t\t\t\t\t\t\t\t\t\t\t\t<img loading=\"lazy\" decoding=\"async\" width=\"640\" height=\"640\" src=\"https:\/\/aurisbrunensis.cz\/wordpress\/wp-content\/uploads\/2026\/04\/raphaelsilva-instagram-3814048_640.jpg\" class=\"attachment-large size-large wp-image-553\" alt=\"\" srcset=\"https:\/\/aurisbrunensis.cz\/wordpress\/wp-content\/uploads\/2026\/04\/raphaelsilva-instagram-3814048_640.jpg 640w, https:\/\/aurisbrunensis.cz\/wordpress\/wp-content\/uploads\/2026\/04\/raphaelsilva-instagram-3814048_640-300x300.jpg 300w, https:\/\/aurisbrunensis.cz\/wordpress\/wp-content\/uploads\/2026\/04\/raphaelsilva-instagram-3814048_640-150x150.jpg 150w\" sizes=\"(max-width: 640px) 100vw, 640px\" \/>\t\t\t\t\t\t\t\t\t\t\t\t\t\t\t<\/div>\n\t\t\t\t<div class=\"elementor-element elementor-element-945673f elementor-widget elementor-widget-image\" data-id=\"945673f\" data-element_type=\"widget\" data-e-type=\"widget\" data-widget_type=\"image.default\">\n\t\t\t\t\t\t\t\t\t\t\t\t\t\t\t\t<a href=\"https:\/\/soundcloud.com\/user-14254234\">\n\t\t\t\t\t\t\t<img loading=\"lazy\" decoding=\"async\" width=\"640\" height=\"640\" src=\"https:\/\/aurisbrunensis.cz\/wordpress\/wp-content\/uploads\/2026\/04\/raphaelsilva-soundcloud-3383937_640.png\" class=\"attachment-large size-large wp-image-561\" alt=\"\" srcset=\"https:\/\/aurisbrunensis.cz\/wordpress\/wp-content\/uploads\/2026\/04\/raphaelsilva-soundcloud-3383937_640.png 640w, https:\/\/aurisbrunensis.cz\/wordpress\/wp-content\/uploads\/2026\/04\/raphaelsilva-soundcloud-3383937_640-300x300.png 300w, https:\/\/aurisbrunensis.cz\/wordpress\/wp-content\/uploads\/2026\/04\/raphaelsilva-soundcloud-3383937_640-150x150.png 150w\" sizes=\"(max-width: 640px) 100vw, 640px\" \/>\t\t\t\t\t\t\t\t<\/a>\n\t\t\t\t\t\t\t\t\t\t\t\t\t\t\t<\/div>\n\t\t\t\t<div class=\"elementor-element elementor-element-1ebbe3d elementor-widget elementor-widget-image\" data-id=\"1ebbe3d\" data-element_type=\"widget\" data-e-type=\"widget\" data-widget_type=\"image.default\">\n\t\t\t\t\t\t\t\t\t\t\t\t\t\t\t\t<a href=\"https:\/\/www.youtube.com\/channel\/UCYMRMG8-peFsa5RzO2NYiEw?view_as=subscriber\">\n\t\t\t\t\t\t\t<img loading=\"lazy\" decoding=\"async\" width=\"640\" height=\"640\" src=\"https:\/\/aurisbrunensis.cz\/wordpress\/wp-content\/uploads\/2026\/04\/raphaelsilva-youtube-2935416_640.jpg\" class=\"attachment-large size-large wp-image-562\" alt=\"\" srcset=\"https:\/\/aurisbrunensis.cz\/wordpress\/wp-content\/uploads\/2026\/04\/raphaelsilva-youtube-2935416_640.jpg 640w, https:\/\/aurisbrunensis.cz\/wordpress\/wp-content\/uploads\/2026\/04\/raphaelsilva-youtube-2935416_640-300x300.jpg 300w, https:\/\/aurisbrunensis.cz\/wordpress\/wp-content\/uploads\/2026\/04\/raphaelsilva-youtube-2935416_640-150x150.jpg 150w\" sizes=\"(max-width: 640px) 100vw, 640px\" \/>\t\t\t\t\t\t\t\t<\/a>\n\t\t\t\t\t\t\t\t\t\t\t\t\t\t\t<\/div>\n\t\t\t\t<\/div>\n\t\t\t\t<\/div>\n\t\t<div class=\"elementor-element elementor-element-7bf4787 e-con-full e-flex e-con e-child\" data-id=\"7bf4787\" data-element_type=\"container\" data-e-type=\"container\">\n\t\t<div class=\"elementor-element elementor-element-6065836 e-con-full e-flex e-con e-child\" data-id=\"6065836\" data-element_type=\"container\" data-e-type=\"container\">\n\t\t\t\t<div class=\"elementor-element elementor-element-e0ad710 elementor-widget elementor-widget-image\" data-id=\"e0ad710\" data-element_type=\"widget\" data-e-type=\"widget\" data-widget_type=\"image.default\">\n\t\t\t\t\t\t\t\t\t\t\t\t\t\t\t\t<a href=\"https:\/\/www.smsticket.cz\/\">\n\t\t\t\t\t\t\t<img loading=\"lazy\" decoding=\"async\" width=\"700\" height=\"315\" src=\"https:\/\/aurisbrunensis.cz\/wordpress\/wp-content\/uploads\/2026\/04\/smsticket-predprodej-vstupenek_modre-logo-bez-pozadi-700x315-1.png\" class=\"attachment-large size-large wp-image-566\" alt=\"\" srcset=\"https:\/\/aurisbrunensis.cz\/wordpress\/wp-content\/uploads\/2026\/04\/smsticket-predprodej-vstupenek_modre-logo-bez-pozadi-700x315-1.png 700w, https:\/\/aurisbrunensis.cz\/wordpress\/wp-content\/uploads\/2026\/04\/smsticket-predprodej-vstupenek_modre-logo-bez-pozadi-700x315-1-300x135.png 300w\" sizes=\"(max-width: 700px) 100vw, 700px\" \/>\t\t\t\t\t\t\t\t<\/a>\n\t\t\t\t\t\t\t\t\t\t\t\t\t\t\t<\/div>\n\t\t<div class=\"elementor-element elementor-element-5105309 e-con-full e-flex e-con e-child\" data-id=\"5105309\" data-element_type=\"container\" data-e-type=\"container\">\n\t\t\t\t<div class=\"elementor-element elementor-element-34b216a elementor-widget elementor-widget-image\" data-id=\"34b216a\" data-element_type=\"widget\" data-e-type=\"widget\" data-widget_type=\"image.default\">\n\t\t\t\t\t\t\t\t\t\t\t\t\t\t\t<img loading=\"lazy\" decoding=\"async\" width=\"283\" height=\"281\" src=\"https:\/\/aurisbrunensis.cz\/wordpress\/wp-content\/uploads\/2026\/04\/logo-UCPS.jpg\" class=\"attachment-large size-large wp-image-567\" alt=\"\" srcset=\"https:\/\/aurisbrunensis.cz\/wordpress\/wp-content\/uploads\/2026\/04\/logo-UCPS.jpg 283w, https:\/\/aurisbrunensis.cz\/wordpress\/wp-content\/uploads\/2026\/04\/logo-UCPS-150x150.jpg 150w\" sizes=\"(max-width: 283px) 100vw, 283px\" \/>\t\t\t\t\t\t\t\t\t\t\t\t\t\t\t<\/div>\n\t\t\t\t<\/div>\n\t\t<div class=\"elementor-element elementor-element-3ca2e14 e-con-full e-flex e-con e-child\" data-id=\"3ca2e14\" data-element_type=\"container\" data-e-type=\"container\">\n\t\t\t\t<div class=\"elementor-element elementor-element-62324f0 elementor-widget elementor-widget-image\" data-id=\"62324f0\" data-element_type=\"widget\" data-e-type=\"widget\" data-widget_type=\"image.default\">\n\t\t\t\t\t\t\t\t\t\t\t\t\t\t\t\t<a href=\"https:\/\/www.kudyznudy.cz\/?utm_source=kzn&#038;utm_medium=partneri_kzn&#038;utm_campaign=banner\">\n\t\t\t\t\t\t\t<img loading=\"lazy\" decoding=\"async\" width=\"370\" height=\"84\" src=\"https:\/\/aurisbrunensis.cz\/wordpress\/wp-content\/uploads\/2026\/04\/Kudy-z-nudy-barevne.png\" class=\"attachment-large size-large wp-image-571\" alt=\"\" srcset=\"https:\/\/aurisbrunensis.cz\/wordpress\/wp-content\/uploads\/2026\/04\/Kudy-z-nudy-barevne.png 370w, https:\/\/aurisbrunensis.cz\/wordpress\/wp-content\/uploads\/2026\/04\/Kudy-z-nudy-barevne-300x68.png 300w\" sizes=\"(max-width: 370px) 100vw, 370px\" \/>\t\t\t\t\t\t\t\t<\/a>\n\t\t\t\t\t\t\t\t\t\t\t\t\t\t\t<\/div>\n\t\t\t\t<\/div>\n\t\t\t\t<\/div>\n\t\t\t\t<\/div>\n\t\t<div class=\"elementor-element elementor-element-5c29cc5 e-con-full e-flex e-con e-child\" data-id=\"5c29cc5\" data-element_type=\"container\" data-e-type=\"container\">\n\t\t\t\t<div class=\"elementor-element elementor-element-51d41d8 elementor-widget elementor-widget-text-editor\" data-id=\"51d41d8\" data-element_type=\"widget\" data-e-type=\"widget\" data-widget_type=\"text-editor.default\">\n\t\t\t\t\t\t\t\t\t<p><strong><span style=\"color: #000000;\">Kontakty<\/span><\/strong><\/p><p><span style=\"color: #000000;\">Sbormistryn\u011b:<\/span><\/p><p><span style=\"color: #000000;\">Tereza Toufarov\u00e1<\/span><br \/><span style=\"color: #000000;\"><a style=\"color: #000000;\" href=\"mailto:tereza.toufarova@aurisbrunensis.cz\">tereza.toufarova@aurisbrunensis.cz<\/a><\/span><\/p><p><span style=\"color: #000000;\">Spolek:<\/span><\/p><p><span style=\"color: #000000;\">Auris Brunensis, z. s.<\/span><br \/><span style=\"color: #000000;\">I\u010cO: 07912072\u00a0<\/span><\/p>\t\t\t\t\t\t\t\t<\/div>\n\t\t\t\t<\/div>\n\t\t\t\t\t<\/div>\n\t\t\t\t<\/div>\n\t\t\t\t<\/div>\n\t\t","protected":false},"excerpt":{"rendered":"<p>Auris Brunensis\u017eensk\u00fd komorn\u00ed sbor Benefi\u010dn\u00ed koncert na podporu Charitn\u00ed z\u00e1chrann\u00e9 s\u00edt\u011b V\u00e1\u017een\u00ed p\u0159\u00e1tel\u00e9,\u00a0 tentokr\u00e1t zazp\u00edv\u00e1me v Zaje\u010d\u00ed na podporu a rozvoj Charitn\u00ed z\u00e1chrann\u00e9 s\u00edt\u011b. Spolupo\u0159adatelem je Oblastn\u00ed charita B\u0159eclav a jako v\u017edy Sirupy Zaj\u00ed\u010dek.Zazn\u00ed novinky od Ola Gjeilo i obl\u00edben\u00e9 klasiky od Petra Ebena nebo na\u0161eho kamar\u00e1da Martina Jakub\u00ed\u010dka.Vstupn\u00e9 bude dobrovoln\u00e9 a bude v\u011bnov\u00e1no na&#8230;<\/p>\n","protected":false},"author":2,"featured_media":0,"parent":0,"menu_order":0,"comment_status":"closed","ping_status":"closed","template":"elementor_header_footer","meta":{"_kad_post_transparent":"","_kad_post_title":"","_kad_post_layout":"","_kad_post_sidebar_id":"","_kad_post_content_style":"","_kad_post_vertical_padding":"","_kad_post_feature":"","_kad_post_feature_position":"","_kad_post_header":false,"_kad_post_footer":false,"_kad_post_classname":"","footnotes":""},"class_list":["post-497","page","type-page","status-publish","hentry"],"_links":{"self":[{"href":"https:\/\/aurisbrunensis.cz\/wordpress\/wp-json\/wp\/v2\/pages\/497","targetHints":{"allow":["GET"]}}],"collection":[{"href":"https:\/\/aurisbrunensis.cz\/wordpress\/wp-json\/wp\/v2\/pages"}],"about":[{"href":"https:\/\/aurisbrunensis.cz\/wordpress\/wp-json\/wp\/v2\/types\/page"}],"author":[{"embeddable":true,"href":"https:\/\/aurisbrunensis.cz\/wordpress\/wp-json\/wp\/v2\/users\/2"}],"replies":[{"embeddable":true,"href":"https:\/\/aurisbrunensis.cz\/wordpress\/wp-json\/wp\/v2\/comments?post=497"}],"version-history":[{"count":80,"href":"https:\/\/aurisbrunensis.cz\/wordpress\/wp-json\/wp\/v2\/pages\/497\/revisions"}],"predecessor-version":[{"id":784,"href":"https:\/\/aurisbrunensis.cz\/wordpress\/wp-json\/wp\/v2\/pages\/497\/revisions\/784"}],"wp:attachment":[{"href":"https:\/\/aurisbrunensis.cz\/wordpress\/wp-json\/wp\/v2\/media?parent=497"}],"curies":[{"name":"wp","href":"https:\/\/api.w.org\/{rel}","templated":true}]}}