{"id":14,"date":"2018-09-28T20:01:39","date_gmt":"2018-09-28T18:01:39","guid":{"rendered":"http:\/\/aurisbrunensis.cz\/wordpress\/?page_id=14"},"modified":"2019-12-02T21:15:56","modified_gmt":"2019-12-02T20:15:56","slug":"events-seznam","status":"publish","type":"page","link":"https:\/\/aurisbrunensis.cz\/wordpress\/events-seznam\/","title":{"rendered":"Kalend\u00e1\u0159 akc\u00ed"},"content":{"rendered":"\n<ul class=\"wp-block-list\"><li><\/li><\/ul>\n\n\n\n<p><\/p>\n","protected":false},"excerpt":{"rendered":"","protected":false},"author":1,"featured_media":0,"parent":0,"menu_order":0,"comment_status":"closed","ping_status":"closed","template":"","meta":{"_kad_post_transparent":"","_kad_post_title":"","_kad_post_layout":"","_kad_post_sidebar_id":"","_kad_post_content_style":"","_kad_post_vertical_padding":"","_kad_post_feature":"","_kad_post_feature_position":"","_kad_post_header":false,"_kad_post_footer":false,"_kad_post_classname":"","footnotes":""},"class_list":["post-14","page","type-page","status-publish","hentry"],"_links":{"self":[{"href":"https:\/\/aurisbrunensis.cz\/wordpress\/wp-json\/wp\/v2\/pages\/14","targetHints":{"allow":["GET"]}}],"collection":[{"href":"https:\/\/aurisbrunensis.cz\/wordpress\/wp-json\/wp\/v2\/pages"}],"about":[{"href":"https:\/\/aurisbrunensis.cz\/wordpress\/wp-json\/wp\/v2\/types\/page"}],"author":[{"embeddable":true,"href":"https:\/\/aurisbrunensis.cz\/wordpress\/wp-json\/wp\/v2\/users\/1"}],"replies":[{"embeddable":true,"href":"https:\/\/aurisbrunensis.cz\/wordpress\/wp-json\/wp\/v2\/comments?post=14"}],"version-history":[{"count":7,"href":"https:\/\/aurisbrunensis.cz\/wordpress\/wp-json\/wp\/v2\/pages\/14\/revisions"}],"predecessor-version":[{"id":338,"href":"https:\/\/aurisbrunensis.cz\/wordpress\/wp-json\/wp\/v2\/pages\/14\/revisions\/338"}],"wp:attachment":[{"href":"https:\/\/aurisbrunensis.cz\/wordpress\/wp-json\/wp\/v2\/media?parent=14"}],"curies":[{"name":"wp","href":"https:\/\/api.w.org\/{rel}","templated":true}]}}